{"id":11167,"date":"2022-10-07T18:24:46","date_gmt":"2022-10-07T16:24:46","guid":{"rendered":"https:\/\/majorgroupitaly.com\/privacy-policy\/"},"modified":"2023-02-01T00:26:56","modified_gmt":"2023-01-31T23:26:56","slug":"politica-de-privacidad","status":"publish","type":"page","link":"https:\/\/majorgroupitaly.com\/es\/politica-de-privacidad\/","title":{"rendered":"Pol\u00edtica de privacidad"},"content":{"rendered":"<div class=\"wpb-content-wrapper\"><p>[vc_row center_bck_image=\u00bbno\u00bb][vc_column][vc_column_text]<\/p>\n<div class=\"cookie-policy\">\n<h3>Pol\u00edtica de privacidad<\/h3>\n<p>Con base en la ley europea sobre seguridad de datos (Art.13, Reglamento Europeo 2016\/679), el Usuario reconoce que <strong>Major Group S.r.l.<\/strong> se compromete a tratar los datos personales del Usuario conforme a los principios de correcci\u00f3n, licitud y transparencia y protecci\u00f3n de la confidencialidad. Por tanto, se informa al Usuario que:<\/p>\n<h6>CATEGOR\u00cdAS DE DATOS<\/h6>\n<p>El objeto del tratamiento pueden ser sus datos personales tales como datos de identificaci\u00f3n, datos personales y datos de contacto.<\/p>\n<h6>PROPIETARIO DEL TRATAMIENTO<\/h6>\n<p>El controlador de datos es <strong>Major Group S.r.l.<\/strong>, Via Niccol\u00f2 Copernico 60, 20090 Trezzano sul Naviglio (MI) \u2013 VAT IT03135160798, con quien se puede contactar por tel\u00e9fono al <a href=\"tel:0039029019363\">0039 02.9019363<\/a> o por correo electr\u00f3nico a <a href=\"mailto:info@majorgroupsrl.com\">info@majorgroupsrl.com<\/a>.<\/p>\n<h6>FUENTE DE DATOS PERSONALES<\/h6>\n<p>Los datos personales en poder del Responsable del tratamiento se recaban directamente del interesado.<\/p>\n<h6>FINALIDAD DEL TRATAMIENTO DE DATOS Y BASE LEGAL<\/h6>\n<p>El tratamiento de sus datos, recabados y almacenados en relaci\u00f3n con la cumplimentaci\u00f3n de este formulario, tiene como base legal su consentimiento y se realiza con las siguientes finalidades: solicitud de informaci\u00f3n.<\/p>\n<h6>DESTINATARIOS DE DATOS<\/h6>\n<p>Dentro de los l\u00edmites pertinentes a las finalidades de tratamiento indicadas, sus datos podr\u00e1n ser comunicados a socios, consultoras, empresas privadas, designadas como Encargados del Tratamiento por el Responsable del Tratamiento. Sus datos no ser\u00e1n difundidos de ninguna manera.<\/p>\n<h6>TRANSFERENCIA DE DATOS A TERCEROS PA\u00cdSES<\/h6>\n<p>No est\u00e1 prevista la transferencia de sus datos a un tercer pa\u00eds.<\/p>\n<h6>PER\u00cdODO DE CONSERVACI\u00d3N<\/h6>\n<p>Los datos recogidos se conservar\u00e1n durante un plazo no superior a la consecuci\u00f3n de los fines para los que son tratados (\u00abprincipio de limitaci\u00f3n de la conservaci\u00f3n\u00bb, art.5, RGPD) o en base a los plazos fijados por la ley, durante un plazo no m\u00e1s de 1 a\u00f1o. La verificaci\u00f3n de la obsolescencia de los datos almacenados en relaci\u00f3n con los fines para los que fueron recabados se realiza peri\u00f3dicamente.<\/p>\n<h6>DERECHOS DEL INTERESADO<\/h6>\n<p>El interesado siempre tiene derecho a solicitar al Responsable del Tratamiento el acceso a sus datos, la rectificaci\u00f3n o cancelaci\u00f3n de los mismos, la limitaci\u00f3n del tratamiento o la posibilidad de oponerse al mismo, solicitar la portabilidad de los datos, revocar la consiente el tratamiento haciendo valer estos y otros derechos previstos por el RGPD a trav\u00e9s de una simple comunicaci\u00f3n al Responsable del tratamiento. El interesado tambi\u00e9n puede presentar una reclamaci\u00f3n ante una autoridad de control.<\/p>\n<h6>OBLIGATORIA O NO DE LA PRESTACI\u00d3N<\/h6>\n<p>Le informamos que el suministro de datos es opcional para algunos campos y para otros (indicados con un asterisco) obligatorio y su eventual no suministro implica la no prestaci\u00f3n del servicio solicitado.<\/p>\n<h6>M\u00c9TODOS DE PROCESAMIENTO DE DATOS<\/h6>\n<p>Los datos personales que nos facilite ser\u00e1n objeto de operaciones de tratamiento en cumplimiento de la citada legislaci\u00f3n y de las obligaciones de confidencialidad que inspiran la actividad del Responsable del Tratamiento. Los datos ser\u00e1n tratados tanto con herramientas inform\u00e1ticas como en papel y en cualquier otro tipo de soporte adecuado, cumpliendo con las medidas de seguridad adecuadas conforme al RGPD.<\/p>\n<h6>PROCESOS AUTOMATIZADOS DE TOMA DE DECISIONES<\/h6>\n<p>No existen procesos automatizados de toma de decisiones.<\/p>\n<\/div>\n<p>[\/vc_column_text][\/vc_column][\/vc_row]<\/p>\n<\/div>","protected":false},"excerpt":{"rendered":"<p>[vc_row center_bck_image=\u00bbno\u00bb][vc_column][vc_column_text] Pol\u00edtica de privacidad Con base en la ley europea sobre seguridad de datos (Art.13, Reglamento Europeo 2016\/679), el Usuario reconoce que Major Group S.r.l. se compromete a tratar los datos personales del Usuario conforme a los principios de correcci\u00f3n, licitud y transparencia y&#8230;<\/p>\n","protected":false},"author":1,"featured_media":0,"parent":0,"menu_order":0,"comment_status":"closed","ping_status":"open","template":"","meta":{"footnotes":""},"class_list":["post-11167","page","type-page","status-publish","hentry"],"yoast_head":"<!-- This site is optimized with the Yoast SEO plugin v23.9 - https:\/\/yoast.com\/wordpress\/plugins\/seo\/ -->\n<title>Pol\u00edtica de privacidad | Major Group Italy<\/title>\n<meta name=\"robots\" content=\"index, follow, max-snippet:-1, max-image-preview:large, max-video-preview:-1\" \/>\n<link rel=\"canonical\" href=\"https:\/\/majorgroupitaly.com\/es\/politica-de-privacidad\/\" \/>\n<meta property=\"og:locale\" content=\"es_ES\" \/>\n<meta property=\"og:type\" content=\"article\" \/>\n<meta property=\"og:title\" content=\"Pol\u00edtica de privacidad | Major Group Italy\" \/>\n<meta property=\"og:description\" content=\"[vc_row center_bck_image=\u00bbno\u00bb][vc_column][vc_column_text] Pol\u00edtica de privacidad Con base en la ley europea sobre seguridad de datos (Art.13, Reglamento Europeo 2016\/679), el Usuario reconoce que Major Group S.r.l. se compromete a tratar los datos personales del Usuario conforme a los principios de correcci\u00f3n, licitud y transparencia y...\" \/>\n<meta property=\"og:url\" content=\"https:\/\/majorgroupitaly.com\/es\/politica-de-privacidad\/\" \/>\n<meta property=\"og:site_name\" content=\"Major Group Italy\" \/>\n<meta property=\"article:publisher\" content=\"https:\/\/www.facebook.com\/majorgroupitaly\/\" \/>\n<meta property=\"article:modified_time\" content=\"2023-01-31T23:26:56+00:00\" \/>\n<meta name=\"twitter:card\" content=\"summary_large_image\" \/>\n<meta name=\"twitter:label1\" content=\"Tiempo de lectura\" \/>\n\t<meta name=\"twitter:data1\" content=\"3 minutos\" \/>\n<script type=\"application\/ld+json\" class=\"yoast-schema-graph\">{\"@context\":\"https:\/\/schema.org\",\"@graph\":[{\"@type\":\"WebPage\",\"@id\":\"https:\/\/majorgroupitaly.com\/es\/politica-de-privacidad\/\",\"url\":\"https:\/\/majorgroupitaly.com\/es\/politica-de-privacidad\/\",\"name\":\"Pol\u00edtica de privacidad | Major Group Italy\",\"isPartOf\":{\"@id\":\"https:\/\/majorgroupitaly.com\/es\/#website\"},\"datePublished\":\"2022-10-07T16:24:46+00:00\",\"dateModified\":\"2023-01-31T23:26:56+00:00\",\"breadcrumb\":{\"@id\":\"https:\/\/majorgroupitaly.com\/es\/politica-de-privacidad\/#breadcrumb\"},\"inLanguage\":\"es\",\"potentialAction\":[{\"@type\":\"ReadAction\",\"target\":[\"https:\/\/majorgroupitaly.com\/es\/politica-de-privacidad\/\"]}]},{\"@type\":\"BreadcrumbList\",\"@id\":\"https:\/\/majorgroupitaly.com\/es\/politica-de-privacidad\/#breadcrumb\",\"itemListElement\":[{\"@type\":\"ListItem\",\"position\":1,\"name\":\"Home\",\"item\":\"https:\/\/majorgroupitaly.com\/es\/\"},{\"@type\":\"ListItem\",\"position\":2,\"name\":\"Pol\u00edtica de privacidad\"}]},{\"@type\":\"WebSite\",\"@id\":\"https:\/\/majorgroupitaly.com\/es\/#website\",\"url\":\"https:\/\/majorgroupitaly.com\/es\/\",\"name\":\"Major Group Italy\",\"description\":\"Scientific Nature in Hair Products\",\"publisher\":{\"@id\":\"https:\/\/majorgroupitaly.com\/es\/#organization\"},\"potentialAction\":[{\"@type\":\"SearchAction\",\"target\":{\"@type\":\"EntryPoint\",\"urlTemplate\":\"https:\/\/majorgroupitaly.com\/es\/?s={search_term_string}\"},\"query-input\":{\"@type\":\"PropertyValueSpecification\",\"valueRequired\":true,\"valueName\":\"search_term_string\"}}],\"inLanguage\":\"es\"},{\"@type\":\"Organization\",\"@id\":\"https:\/\/majorgroupitaly.com\/es\/#organization\",\"name\":\"Major Group Italy\",\"url\":\"https:\/\/majorgroupitaly.com\/es\/\",\"logo\":{\"@type\":\"ImageObject\",\"inLanguage\":\"es\",\"@id\":\"https:\/\/majorgroupitaly.com\/es\/#\/schema\/logo\/image\/\",\"url\":\"https:\/\/majorgroupitaly.com\/wp-content\/uploads\/2022\/10\/logo-major.png\",\"contentUrl\":\"https:\/\/majorgroupitaly.com\/wp-content\/uploads\/2022\/10\/logo-major.png\",\"width\":200,\"height\":200,\"caption\":\"Major Group Italy\"},\"image\":{\"@id\":\"https:\/\/majorgroupitaly.com\/es\/#\/schema\/logo\/image\/\"},\"sameAs\":[\"https:\/\/www.facebook.com\/majorgroupitaly\/\",\"https:\/\/www.instagram.com\/majorgroup_italy\/\",\"https:\/\/www.linkedin.com\/company\/majorgroupitaly\/\"]}]}<\/script>\n<!-- \/ Yoast SEO plugin. -->","yoast_head_json":{"title":"Pol\u00edtica de privacidad | Major Group Italy","robots":{"index":"index","follow":"follow","max-snippet":"max-snippet:-1","max-image-preview":"max-image-preview:large","max-video-preview":"max-video-preview:-1"},"canonical":"https:\/\/majorgroupitaly.com\/es\/politica-de-privacidad\/","og_locale":"es_ES","og_type":"article","og_title":"Pol\u00edtica de privacidad | Major Group Italy","og_description":"[vc_row center_bck_image=\u00bbno\u00bb][vc_column][vc_column_text] Pol\u00edtica de privacidad Con base en la ley europea sobre seguridad de datos (Art.13, Reglamento Europeo 2016\/679), el Usuario reconoce que Major Group S.r.l. se compromete a tratar los datos personales del Usuario conforme a los principios de correcci\u00f3n, licitud y transparencia y...","og_url":"https:\/\/majorgroupitaly.com\/es\/politica-de-privacidad\/","og_site_name":"Major Group Italy","article_publisher":"https:\/\/www.facebook.com\/majorgroupitaly\/","article_modified_time":"2023-01-31T23:26:56+00:00","twitter_card":"summary_large_image","twitter_misc":{"Tiempo de lectura":"3 minutos"},"schema":{"@context":"https:\/\/schema.org","@graph":[{"@type":"WebPage","@id":"https:\/\/majorgroupitaly.com\/es\/politica-de-privacidad\/","url":"https:\/\/majorgroupitaly.com\/es\/politica-de-privacidad\/","name":"Pol\u00edtica de privacidad | Major Group Italy","isPartOf":{"@id":"https:\/\/majorgroupitaly.com\/es\/#website"},"datePublished":"2022-10-07T16:24:46+00:00","dateModified":"2023-01-31T23:26:56+00:00","breadcrumb":{"@id":"https:\/\/majorgroupitaly.com\/es\/politica-de-privacidad\/#breadcrumb"},"inLanguage":"es","potentialAction":[{"@type":"ReadAction","target":["https:\/\/majorgroupitaly.com\/es\/politica-de-privacidad\/"]}]},{"@type":"BreadcrumbList","@id":"https:\/\/majorgroupitaly.com\/es\/politica-de-privacidad\/#breadcrumb","itemListElement":[{"@type":"ListItem","position":1,"name":"Home","item":"https:\/\/majorgroupitaly.com\/es\/"},{"@type":"ListItem","position":2,"name":"Pol\u00edtica de privacidad"}]},{"@type":"WebSite","@id":"https:\/\/majorgroupitaly.com\/es\/#website","url":"https:\/\/majorgroupitaly.com\/es\/","name":"Major Group Italy","description":"Scientific Nature in Hair Products","publisher":{"@id":"https:\/\/majorgroupitaly.com\/es\/#organization"},"potentialAction":[{"@type":"SearchAction","target":{"@type":"EntryPoint","urlTemplate":"https:\/\/majorgroupitaly.com\/es\/?s={search_term_string}"},"query-input":{"@type":"PropertyValueSpecification","valueRequired":true,"valueName":"search_term_string"}}],"inLanguage":"es"},{"@type":"Organization","@id":"https:\/\/majorgroupitaly.com\/es\/#organization","name":"Major Group Italy","url":"https:\/\/majorgroupitaly.com\/es\/","logo":{"@type":"ImageObject","inLanguage":"es","@id":"https:\/\/majorgroupitaly.com\/es\/#\/schema\/logo\/image\/","url":"https:\/\/majorgroupitaly.com\/wp-content\/uploads\/2022\/10\/logo-major.png","contentUrl":"https:\/\/majorgroupitaly.com\/wp-content\/uploads\/2022\/10\/logo-major.png","width":200,"height":200,"caption":"Major Group Italy"},"image":{"@id":"https:\/\/majorgroupitaly.com\/es\/#\/schema\/logo\/image\/"},"sameAs":["https:\/\/www.facebook.com\/majorgroupitaly\/","https:\/\/www.instagram.com\/majorgroup_italy\/","https:\/\/www.linkedin.com\/company\/majorgroupitaly\/"]}]}},"_links":{"self":[{"href":"https:\/\/majorgroupitaly.com\/es\/wp-json\/wp\/v2\/pages\/11167","targetHints":{"allow":["GET"]}}],"collection":[{"href":"https:\/\/majorgroupitaly.com\/es\/wp-json\/wp\/v2\/pages"}],"about":[{"href":"https:\/\/majorgroupitaly.com\/es\/wp-json\/wp\/v2\/types\/page"}],"author":[{"embeddable":true,"href":"https:\/\/majorgroupitaly.com\/es\/wp-json\/wp\/v2\/users\/1"}],"replies":[{"embeddable":true,"href":"https:\/\/majorgroupitaly.com\/es\/wp-json\/wp\/v2\/comments?post=11167"}],"version-history":[{"count":2,"href":"https:\/\/majorgroupitaly.com\/es\/wp-json\/wp\/v2\/pages\/11167\/revisions"}],"predecessor-version":[{"id":11170,"href":"https:\/\/majorgroupitaly.com\/es\/wp-json\/wp\/v2\/pages\/11167\/revisions\/11170"}],"wp:attachment":[{"href":"https:\/\/majorgroupitaly.com\/es\/wp-json\/wp\/v2\/media?parent=11167"}],"curies":[{"name":"wp","href":"https:\/\/api.w.org\/{rel}","templated":true}]}}